{"id":101,"date":"2024-03-04T21:28:27","date_gmt":"2024-03-04T21:28:27","guid":{"rendered":"http:\/\/localhost\/amca\/?page_id=101"},"modified":"2024-07-04T15:17:31","modified_gmt":"2024-07-04T21:17:31","slug":"que-significa-nuestro-logo","status":"publish","type":"page","link":"https:\/\/amca-ac.org\/?page_id=101","title":{"rendered":"\u00bfQu\u00e9 significa nuestro logo?"},"content":{"rendered":"<div data-colibri-id=\"101-c1\" class=\"style-519 style-local-101-c1 position-relative\">\n  <!---->\n  <div data-colibri-component=\"section\" data-colibri-id=\"101-c2\" id=\"custom\" class=\"h-section h-section-global-spacing d-flex align-items-lg-center align-items-md-center align-items-center style-520 style-local-101-c2 position-relative\">\n    <!---->\n    <!---->\n    <div class=\"h-section-grid-container h-section-boxed-container\">\n      <!---->\n      <div data-colibri-id=\"101-c3\" class=\"h-row-container gutters-row-lg-2 gutters-row-md-2 gutters-row-0 gutters-row-v-lg-2 gutters-row-v-md-2 gutters-row-v-2 style-523 style-local-101-c3 position-relative\">\n        <!---->\n        <div class=\"h-row justify-content-lg-center justify-content-md-center justify-content-center align-items-lg-stretch align-items-md-stretch align-items-stretch gutters-col-lg-2 gutters-col-md-2 gutters-col-0 gutters-col-v-lg-2 gutters-col-v-md-2 gutters-col-v-2\">\n          <!---->\n          <div data-aos=\"fadeIn\" class=\"h-column h-column-container d-flex h-col-lg-auto h-col-md-auto h-col-auto style-524-outer style-local-101-c4-outer\">\n            <div data-colibri-id=\"101-c4\" class=\"d-flex h-flex-basis h-column__inner h-px-lg-2 h-px-md-2 h-px-2 v-inner-lg-2 v-inner-md-2 v-inner-2 style-524 style-local-101-c4 position-relative\">\n              <!---->\n              <!---->\n              <div class=\"w-100 h-y-container h-column__content h-column__v-align flex-basis-100 align-self-lg-start align-self-md-start align-self-start\">\n                <!---->\n                <div data-colibri-id=\"101-c5\" class=\"h-text h-text-component style-686 style-local-101-c5 position-relative h-element\">\n                  <!---->\n                  <!---->\n                  <div class=\"\">\n                    <p><span style=\"font-size: 120%; font-weight: 600;\">\ufeffArquitecto, antrop\u00f3logo, pintor, escen\u00f3grafo y escultor, Iker Larrauri Prado (1929-2021) fue precursor de la escuela mexicana de museograf\u00eda, quien propugnara por la democratizaci\u00f3n de la cultura a trav\u00e9s del involucramiento de las comunidades y diversos sectores sociales en el conocimiento, la gesti\u00f3n y la valoraci\u00f3n del patrimonio cultural.<\/span><\/p>\n                    <p><span style=\"font-size: 120%; font-weight: 600;\">Nos honra que este destacado artista pl\u00e1stico mexicano haya creado el logo distintivo de AMCA, el cual consiste en una esquematizaci\u00f3n de la representaci\u00f3n de Tl\u00e1loc, El Dios de la lluvia.<\/span><\/p>\n                  <\/div>\n                <\/div>\n                <div data-colibri-id=\"101-c6\" class=\"d-block style-525 style-local-101-c6 position-relative h-element\">\n                  <!---->\n                  <div class=\"h-image__frame-container-outer\">\n                    <a href=\"https:\/\/amca-ac.org\/wp-content\/uploads\/2024\/03\/Logo-Amca.-Azul-tono-word.jpg\" data-fancybox=\"section-group-pnL5QFiZZHiYkmCJeRc7fw\" h-use-smooth-scroll=\"true\" class=\"image-link\">\n                      <div class=\"h-image__frame-container\">\n                        <!---->\n                        <!---->\n                        <img loading=\"lazy\" decoding=\"async\" width=\"1055\" height=\"738\" src=\"http:\/\/localhost\/amca\/wp-content\/uploads\/2024\/03\/Logo-Amca.-Azul-tono-word.jpg\" class=\"wp-image-195 style-525-image style-local-101-c6-image\" alt=\"\" srcset=\"https:\/\/amca-ac.org\/wp-content\/uploads\/2024\/03\/Logo-Amca.-Azul-tono-word.jpg 1055w, https:\/\/amca-ac.org\/wp-content\/uploads\/2024\/03\/Logo-Amca.-Azul-tono-word-300x210.jpg 300w, https:\/\/amca-ac.org\/wp-content\/uploads\/2024\/03\/Logo-Amca.-Azul-tono-word-1024x716.jpg 1024w, https:\/\/amca-ac.org\/wp-content\/uploads\/2024\/03\/Logo-Amca.-Azul-tono-word-768x537.jpg 768w\" sizes=\"auto, (max-width: 1055px) 100vw, 1055px\" \/>\n                        <div class=\"h-image__frame h-hide-lg h-hide-md h-hide-sm style-525-frameImage style-local-101-c6-frameImage\"><\/div>\n                      <\/div>\n                    <\/a>\n                  <\/div>\n                <\/div>\n              <\/div>\n            <\/div>\n          <\/div>\n        <\/div>\n      <\/div>\n    <\/div>\n  <\/div>\n<\/div>","protected":false},"excerpt":{"rendered":"<p>\ufeffArquitecto, antrop\u00f3logo, pintor, escen\u00f3grafo y escultor, Iker Larrauri Prado (1929-2021) fue precursor de la escuela mexicana de museograf\u00eda, quien propugnara por la democratizaci\u00f3n de la cultura a trav\u00e9s del involucramiento de las comunidades y diversos sectores sociales en el conocimiento, la gesti\u00f3n y la valoraci\u00f3n del patrimonio cultural. Nos honra que este destacado artista pl\u00e1stico [&hellip;]<\/p>\n","protected":false},"author":1,"featured_media":0,"parent":0,"menu_order":0,"comment_status":"closed","ping_status":"closed","template":"page-templates\/full-width-page.php","meta":{"footnotes":""},"class_list":["post-101","page","type-page","status-publish","hentry"],"_links":{"self":[{"href":"https:\/\/amca-ac.org\/index.php?rest_route=\/wp\/v2\/pages\/101","targetHints":{"allow":["GET"]}}],"collection":[{"href":"https:\/\/amca-ac.org\/index.php?rest_route=\/wp\/v2\/pages"}],"about":[{"href":"https:\/\/amca-ac.org\/index.php?rest_route=\/wp\/v2\/types\/page"}],"author":[{"embeddable":true,"href":"https:\/\/amca-ac.org\/index.php?rest_route=\/wp\/v2\/users\/1"}],"replies":[{"embeddable":true,"href":"https:\/\/amca-ac.org\/index.php?rest_route=%2Fwp%2Fv2%2Fcomments&post=101"}],"version-history":[{"count":16,"href":"https:\/\/amca-ac.org\/index.php?rest_route=\/wp\/v2\/pages\/101\/revisions"}],"predecessor-version":[{"id":2316,"href":"https:\/\/amca-ac.org\/index.php?rest_route=\/wp\/v2\/pages\/101\/revisions\/2316"}],"wp:attachment":[{"href":"https:\/\/amca-ac.org\/index.php?rest_route=%2Fwp%2Fv2%2Fmedia&parent=101"}],"curies":[{"name":"wp","href":"https:\/\/api.w.org\/{rel}","templated":true}]}}