{"id":98,"date":"2024-03-04T21:28:27","date_gmt":"2024-03-04T21:28:27","guid":{"rendered":"http:\/\/localhost\/amca\/?page_id=98"},"modified":"2024-04-17T16:06:58","modified_gmt":"2024-04-17T22:06:58","slug":"quienes-somos","status":"publish","type":"page","link":"https:\/\/amca-ac.org\/?page_id=98","title":{"rendered":"\u00bfQui\u00e9nes somos?"},"content":{"rendered":"<div data-colibri-id=\"98-c1\" class=\"style-678 style-local-98-c1 position-relative\">\n  <!---->\n  <div data-colibri-component=\"section\" data-colibri-id=\"98-c2\" data-aos=\"fadeIn\" id=\"custom\" class=\"h-section h-section-global-spacing d-flex align-items-lg-center align-items-md-center align-items-center style-679 style-local-98-c2 position-relative\">\n    <!---->\n    <!---->\n    <div class=\"h-section-grid-container h-section-boxed-container\">\n      <!---->\n      <div data-colibri-id=\"98-c3\" class=\"h-row-container gutters-row-lg-2 gutters-row-md-2 gutters-row-0 gutters-row-v-lg-2 gutters-row-v-md-2 gutters-row-v-2 style-682 style-local-98-c3 position-relative\">\n        <!---->\n        <div class=\"h-row justify-content-lg-center justify-content-md-center justify-content-center align-items-lg-stretch align-items-md-stretch align-items-stretch gutters-col-lg-2 gutters-col-md-2 gutters-col-0 gutters-col-v-lg-2 gutters-col-v-md-2 gutters-col-v-2\">\n          <!---->\n          <div class=\"h-column h-column-container d-flex h-col-lg-auto h-col-md-auto h-col-auto style-683-outer style-local-98-c4-outer\">\n            <div data-colibri-id=\"98-c4\" class=\"d-flex h-flex-basis h-column__inner h-px-lg-2 h-px-md-2 h-px-2 v-inner-lg-2 v-inner-md-2 v-inner-2 style-683 style-local-98-c4 position-relative\">\n              <!---->\n              <!---->\n              <div class=\"w-100 h-y-container h-column__content h-column__v-align flex-basis-100 align-self-lg-start align-self-md-start align-self-start\">\n                <!---->\n                <div data-colibri-id=\"98-c5\" class=\"h-text h-text-component style-684 style-local-98-c5 position-relative h-element\">\n                  <!---->\n                  <!---->\n                  <div class=\"\">\n                    <p><span style=\"font-weight: 600; font-size: 120%;\">La Academia Mexicana de Ciencias Antropol\u00f3gicas A.C. es una organizaci\u00f3n cient\u00edfica sin car\u00e1cter preponderantemente econ\u00f3mico y sin fines de lucro dedicada a la generaci\u00f3n, promoci\u00f3n y difusi\u00f3n de los conocimientos antropol\u00f3gicos producidos por un cuerpo calificado de investigadoras e investigadores activos.<\/span><\/p>\n                    <p><span style=\"font-weight: 600; font-size: 120%;\">Nuestros agremiados pertenecen a diversas instituciones acad\u00e9micas del pa\u00eds y poseen un reconocido m\u00e9rito en su especialidad.<\/span><\/p>\n                  <\/div>\n                <\/div>\n              <\/div>\n            <\/div>\n          <\/div>\n        <\/div>\n      <\/div>\n    <\/div>\n  <\/div>\n<\/div>","protected":false},"excerpt":{"rendered":"<p>La Academia Mexicana de Ciencias Antropol\u00f3gicas A.C. es una organizaci\u00f3n cient\u00edfica sin car\u00e1cter preponderantemente econ\u00f3mico y sin fines de lucro dedicada a la generaci\u00f3n, promoci\u00f3n y difusi\u00f3n de los conocimientos antropol\u00f3gicos producidos por un cuerpo calificado de investigadoras e investigadores activos. Nuestros agremiados pertenecen a diversas instituciones acad\u00e9micas del pa\u00eds y poseen un reconocido m\u00e9rito [&hellip;]<\/p>\n","protected":false},"author":1,"featured_media":0,"parent":0,"menu_order":0,"comment_status":"closed","ping_status":"closed","template":"page-templates\/full-width-page.php","meta":{"footnotes":""},"class_list":["post-98","page","type-page","status-publish","hentry"],"_links":{"self":[{"href":"https:\/\/amca-ac.org\/index.php?rest_route=\/wp\/v2\/pages\/98","targetHints":{"allow":["GET"]}}],"collection":[{"href":"https:\/\/amca-ac.org\/index.php?rest_route=\/wp\/v2\/pages"}],"about":[{"href":"https:\/\/amca-ac.org\/index.php?rest_route=\/wp\/v2\/types\/page"}],"author":[{"embeddable":true,"href":"https:\/\/amca-ac.org\/index.php?rest_route=\/wp\/v2\/users\/1"}],"replies":[{"embeddable":true,"href":"https:\/\/amca-ac.org\/index.php?rest_route=%2Fwp%2Fv2%2Fcomments&post=98"}],"version-history":[{"count":5,"href":"https:\/\/amca-ac.org\/index.php?rest_route=\/wp\/v2\/pages\/98\/revisions"}],"predecessor-version":[{"id":1183,"href":"https:\/\/amca-ac.org\/index.php?rest_route=\/wp\/v2\/pages\/98\/revisions\/1183"}],"wp:attachment":[{"href":"https:\/\/amca-ac.org\/index.php?rest_route=%2Fwp%2Fv2%2Fmedia&parent=98"}],"curies":[{"name":"wp","href":"https:\/\/api.w.org\/{rel}","templated":true}]}}